{"id":1239,"date":"2016-02-29T13:10:37","date_gmt":"2016-02-29T12:10:37","guid":{"rendered":"http:\/\/www.piquifou.com\/accueil\/"},"modified":"2021-01-26T15:40:05","modified_gmt":"2021-01-26T14:40:05","slug":"home","status":"publish","type":"page","link":"https:\/\/www.piquifou.com\/en\/","title":{"rendered":"Home"},"content":{"rendered":"\n<style type=\"text\/css\" data-created_by=\"avia_inline_auto\" id=\"style-css-av-kk6sbsou-1ccef3a4aa568107c8c7d6db55938bd6\">\n.avia-section.av-kk6sbsou-1ccef3a4aa568107c8c7d6db55938bd6{\nbackground-color:#3b3330;\nbackground-image:unset;\n}\n<\/style>\n<div id='av_section_1'  class='avia-section av-kk6sbsou-1ccef3a4aa568107c8c7d6db55938bd6 main_color avia-section-no-padding avia-no-border-styling  avia-builder-el-0  el_before_av_layout_row  avia-builder-el-first  avia-bg-style-scroll container_wrap sidebar_right'  ><div class='container av-section-cont-open' ><main  role=\"main\" itemprop=\"mainContentOfPage\"  class='template-page content  av-content-small alpha units'><div class='post-entry post-entry-type-page post-entry-1239'><div class='entry-content-wrapper clearfix'>\n<div  class='avia-slideshow av-kk6s58td-948a2d4d5126019061494f51c7973c0d avia-slideshow-no scaling av_slideshow avia-fade-slider  avia-builder-el-1  avia-builder-el-no-sibling  av-slideshow-ui av-control-default av-slideshow-autoplay av-loop-endless av-loop-manual-endless av-default-height-applied avia-slideshow-1' data-slideshow-options=\"{&quot;animation&quot;:&quot;fade&quot;,&quot;autoplay&quot;:true,&quot;loop_autoplay&quot;:&quot;endless&quot;,&quot;interval&quot;:4,&quot;loop_manual&quot;:&quot;manual-endless&quot;,&quot;autoplay_stopper&quot;:false,&quot;noNavigation&quot;:false,&quot;bg_slider&quot;:false,&quot;transitionSpeed&quot;:1000,&quot;keep_padding&quot;:false,&quot;hoverpause&quot;:false,&quot;show_slide_delay&quot;:0}\"  itemprop=\"image\" itemscope=\"itemscope\" itemtype=\"https:\/\/schema.org\/ImageObject\" ><ul class='avia-slideshow-inner ' style='padding-bottom: 45.3125%;'><li  class='avia-slideshow-slide av-kk6s58td-948a2d4d5126019061494f51c7973c0d__0  slide-1 slide-odd'><div data-rel='slideshow-1' class='avia-slide-wrap '   ><img decoding=\"async\" loading=\"lazy\" class=\"wp-image-1244 avia-img-lazy-loading-1244\"  src=\"https:\/\/www.piquifou.com\/wp-content\/uploads\/2021\/01\/slider-piquifou-personnages.jpg\" width=\"1280\" height=\"580\" title='slider-piquifou-personnages' alt=''  itemprop=\"thumbnailUrl\" srcset=\"https:\/\/www.piquifou.com\/wp-content\/uploads\/2021\/01\/slider-piquifou-personnages.jpg 1280w, https:\/\/www.piquifou.com\/wp-content\/uploads\/2021\/01\/slider-piquifou-personnages-300x136.jpg 300w, https:\/\/www.piquifou.com\/wp-content\/uploads\/2021\/01\/slider-piquifou-personnages-1030x467.jpg 1030w, https:\/\/www.piquifou.com\/wp-content\/uploads\/2021\/01\/slider-piquifou-personnages-768x348.jpg 768w, https:\/\/www.piquifou.com\/wp-content\/uploads\/2021\/01\/slider-piquifou-personnages-705x319.jpg 705w\" sizes=\"auto, (max-width: 1280px) 100vw, 1280px\" \/><\/div><\/li><li  class='avia-slideshow-slide av-kk6s58td-948a2d4d5126019061494f51c7973c0d__1  slide-2 slide-even'><div data-rel='slideshow-1' class='avia-slide-wrap '   ><img decoding=\"async\" loading=\"lazy\" class=\"wp-image-1245 avia-img-lazy-loading-1245\"  src=\"https:\/\/www.piquifou.com\/wp-content\/uploads\/2021\/01\/slider-piquifou-drapees.jpg\" width=\"1280\" height=\"580\" title='slider-piquifou-drapees' alt=''  itemprop=\"thumbnailUrl\" srcset=\"https:\/\/www.piquifou.com\/wp-content\/uploads\/2021\/01\/slider-piquifou-drapees.jpg 1280w, https:\/\/www.piquifou.com\/wp-content\/uploads\/2021\/01\/slider-piquifou-drapees-300x136.jpg 300w, https:\/\/www.piquifou.com\/wp-content\/uploads\/2021\/01\/slider-piquifou-drapees-1030x467.jpg 1030w, https:\/\/www.piquifou.com\/wp-content\/uploads\/2021\/01\/slider-piquifou-drapees-768x348.jpg 768w, https:\/\/www.piquifou.com\/wp-content\/uploads\/2021\/01\/slider-piquifou-drapees-705x319.jpg 705w\" sizes=\"auto, (max-width: 1280px) 100vw, 1280px\" \/><\/div><\/li><li  class='avia-slideshow-slide av-kk6s58td-948a2d4d5126019061494f51c7973c0d__2  slide-3 slide-odd'><div data-rel='slideshow-1' class='avia-slide-wrap '   ><img decoding=\"async\" loading=\"lazy\" class=\"wp-image-1247 avia-img-lazy-loading-1247\"  src=\"https:\/\/www.piquifou.com\/wp-content\/uploads\/2021\/01\/slider-piquifou-femmes-art-deco.jpg\" width=\"1280\" height=\"580\" title='slider-piquifou-femmes-art-deco' alt=''  itemprop=\"thumbnailUrl\" srcset=\"https:\/\/www.piquifou.com\/wp-content\/uploads\/2021\/01\/slider-piquifou-femmes-art-deco.jpg 1280w, https:\/\/www.piquifou.com\/wp-content\/uploads\/2021\/01\/slider-piquifou-femmes-art-deco-300x136.jpg 300w, https:\/\/www.piquifou.com\/wp-content\/uploads\/2021\/01\/slider-piquifou-femmes-art-deco-1030x467.jpg 1030w, https:\/\/www.piquifou.com\/wp-content\/uploads\/2021\/01\/slider-piquifou-femmes-art-deco-768x348.jpg 768w, https:\/\/www.piquifou.com\/wp-content\/uploads\/2021\/01\/slider-piquifou-femmes-art-deco-705x319.jpg 705w\" sizes=\"auto, (max-width: 1280px) 100vw, 1280px\" \/><\/div><\/li><li  class='avia-slideshow-slide av-kk6s58td-948a2d4d5126019061494f51c7973c0d__3  slide-4 slide-even'><div data-rel='slideshow-1' class='avia-slide-wrap '   ><img decoding=\"async\" loading=\"lazy\" class=\"wp-image-1246 avia-img-lazy-loading-1246\"  src=\"https:\/\/www.piquifou.com\/wp-content\/uploads\/2021\/01\/femmes-annees-50.jpg\" width=\"1280\" height=\"580\" title='femmes-annees-50' alt=''  itemprop=\"thumbnailUrl\" srcset=\"https:\/\/www.piquifou.com\/wp-content\/uploads\/2021\/01\/femmes-annees-50.jpg 1280w, https:\/\/www.piquifou.com\/wp-content\/uploads\/2021\/01\/femmes-annees-50-300x136.jpg 300w, https:\/\/www.piquifou.com\/wp-content\/uploads\/2021\/01\/femmes-annees-50-1030x467.jpg 1030w, https:\/\/www.piquifou.com\/wp-content\/uploads\/2021\/01\/femmes-annees-50-768x348.jpg 768w, https:\/\/www.piquifou.com\/wp-content\/uploads\/2021\/01\/femmes-annees-50-705x319.jpg 705w\" sizes=\"auto, (max-width: 1280px) 100vw, 1280px\" \/><\/div><\/li><\/ul><div class='avia-slideshow-arrows avia-slideshow-controls' ><a href='#prev' class='prev-slide  avia-svg-icon avia-font-svg_entypo-fontello' data-av_svg_icon='left-open-big' data-av_iconset='svg_entypo-fontello' tabindex='-1' title=\"Previous\"><svg version=\"1.1\" xmlns=\"http:\/\/www.w3.org\/2000\/svg\" width=\"15\" height=\"32\" viewBox=\"0 0 15 32\" preserveAspectRatio=\"xMidYMid meet\" aria-labelledby='av-svg-title-1' aria-describedby='av-svg-desc-1' role=\"graphics-symbol\" aria-hidden=\"true\">\n<title id='av-svg-title-1'>Previous<\/title>\n<desc id='av-svg-desc-1'>Previous<\/desc>\n<path d=\"M14.464 27.84q0.832 0.832 0 1.536-0.832 0.832-1.536 0l-12.544-12.608q-0.768-0.768 0-1.6l12.544-12.608q0.704-0.832 1.536 0 0.832 0.704 0 1.536l-11.456 11.904z\"><\/path>\n<\/svg><span class='avia_hidden_link_text'>Previous<\/span><\/a><a href='#next' class='next-slide  avia-svg-icon avia-font-svg_entypo-fontello' data-av_svg_icon='right-open-big' data-av_iconset='svg_entypo-fontello' tabindex='-1' title=\"Next\"><svg version=\"1.1\" xmlns=\"http:\/\/www.w3.org\/2000\/svg\" width=\"15\" height=\"32\" viewBox=\"0 0 15 32\" preserveAspectRatio=\"xMidYMid meet\" aria-labelledby='av-svg-title-2' aria-describedby='av-svg-desc-2' role=\"graphics-symbol\" aria-hidden=\"true\">\n<title id='av-svg-title-2'>Next<\/title>\n<desc id='av-svg-desc-2'>Next<\/desc>\n<path d=\"M0.416 27.84l11.456-11.84-11.456-11.904q-0.832-0.832 0-1.536 0.832-0.832 1.536 0l12.544 12.608q0.768 0.832 0 1.6l-12.544 12.608q-0.704 0.832-1.536 0-0.832-0.704 0-1.536z\"><\/path>\n<\/svg><span class='avia_hidden_link_text'>Next<\/span><\/a><\/div><div class='avia-slideshow-dots avia-slideshow-controls'><a href='#1' class='goto-slide active' >1<\/a><a href='#2' class='goto-slide ' >2<\/a><a href='#3' class='goto-slide ' >3<\/a><a href='#4' class='goto-slide ' >4<\/a><\/div><\/div>\n\n<\/div><\/div><\/main><!-- close content main element --><\/div><\/div><div id='av-layout-grid-1'  class='av-layout-grid-container av-8pyvsy-0e84bab32c41c80e9cfa5e6900a9ee9d entry-content-wrapper main_color av-flex-cells  avia-builder-el-2  el_after_av_section  el_before_av_section  grid-row-not-first  container_wrap sidebar_right'  >\n\n<style type=\"text\/css\" data-created_by=\"avia_inline_auto\" id=\"style-css-av-8jjjve-21216cc1a2e8d33f05c4c8a3ef5227ab\">\n.flex_cell.av-8jjjve-21216cc1a2e8d33f05c4c8a3ef5227ab{\nvertical-align:top;\nbackground-color:#463f39;\n}\n.responsive #top #wrap_all .flex_cell.av-8jjjve-21216cc1a2e8d33f05c4c8a3ef5227ab{\npadding:60px 50px 60px 50px !important;\n}\n<\/style>\n<div class='flex_cell av-8jjjve-21216cc1a2e8d33f05c4c8a3ef5227ab av-gridrow-cell av_one_third no_margin  avia-builder-el-3  el_before_av_cell_one_third  avia-builder-el-first  content-align-top avia-full-stretch'  ><div class='flex_cell_inner'><section  class='av_textblock_section av-kk5nj8c5-fff7a8f2d48b4925c3f909542125afb2 '   itemscope=\"itemscope\" itemtype=\"https:\/\/schema.org\/CreativeWork\" ><div class='avia_textblock'  itemprop=\"text\" ><p>Founded in 1995 by <strong>Brigitte et Jean-Marc MILLET,<\/strong> the Atelier PIQUIFOU combines know-how and creativity.<br \/>\n\u2013 Colorful ethnic-inspired abstract figurative art works.<br \/>\n\u2013 Innovatives size concept, firing technics and faience coloring technics.<\/p>\n<\/div><\/section>\n<\/div><\/div>\n<style type=\"text\/css\" data-created_by=\"avia_inline_auto\" id=\"style-css-av-86dogi-7e0f66ac43801b9096dc1c72a8d45b16\">\n.flex_cell.av-86dogi-7e0f66ac43801b9096dc1c72a8d45b16{\nvertical-align:top;\nbackground-color:#352e2a;\n}\n.responsive #top #wrap_all .flex_cell.av-86dogi-7e0f66ac43801b9096dc1c72a8d45b16{\npadding:60px 50px 60px 50px !important;\n}\n<\/style>\n<div class='flex_cell av-86dogi-7e0f66ac43801b9096dc1c72a8d45b16 av-gridrow-cell av_one_third no_margin  avia-builder-el-5  el_after_av_cell_one_third  el_before_av_cell_one_third  content-align-top avia-full-stretch'  ><div class='flex_cell_inner'><section  class='av_textblock_section av-kk5nj8c5-fff7a8f2d48b4925c3f909542125afb2 '   itemscope=\"itemscope\" itemtype=\"https:\/\/schema.org\/CreativeWork\" ><div class='avia_textblock'  itemprop=\"text\" ><p>We invite you to take part in an extraordinary journey around the world: <span style=\"color: #d7c07d;\">Asia<\/span> with its Geischas, Danas, Vietnameses, <span style=\"color: #d7c07d;\">Africa<\/span> and its Fula people, Maasai and Zulu warriors, <span style=\"color: #d7c07d;\">Europa<\/span> and its Andalusian, etc.<\/p>\n<\/div><\/section>\n<\/div><\/div>\n<style type=\"text\/css\" data-created_by=\"avia_inline_auto\" id=\"style-css-av-7vw2bm-7a8bc86f06c932a9d0ba83d641e0b79a\">\n.flex_cell.av-7vw2bm-7a8bc86f06c932a9d0ba83d641e0b79a{\nvertical-align:top;\nbackground-color:#463f39;\n}\n.responsive #top #wrap_all .flex_cell.av-7vw2bm-7a8bc86f06c932a9d0ba83d641e0b79a{\npadding:60px 50px 60px 50px !important;\n}\n<\/style>\n<div class='flex_cell av-7vw2bm-7a8bc86f06c932a9d0ba83d641e0b79a av-gridrow-cell av_one_third no_margin  avia-builder-el-7  el_after_av_cell_one_third  avia-builder-el-last  content-align-top avia-full-stretch'  ><div class='flex_cell_inner'><section  class='av_textblock_section av-kk5nj8c5-fff7a8f2d48b4925c3f909542125afb2 '   itemscope=\"itemscope\" itemtype=\"https:\/\/schema.org\/CreativeWork\" ><div class='avia_textblock'  itemprop=\"text\" ><p>To these 42cm long <strong>ethnic sculptures<\/strong> (16.5 inches), our creations were supplemented with 50cm (19.7 inches), 83 cm (32.7 inches) and 1,6 m (5 feet 25 inches) sculpture.<br \/>\nOur collection consists of Totems, Cocons, Tiges, <strong>Drap\u00e9es<\/strong>. Kimonos, Bustes, others composition as well as <strong>Art Deco Women<\/strong> and <strong>Women of the 1950s<\/strong> sculptures (a little detour in time).<\/p>\n<\/div><\/section>\n<\/div><\/div><\/div>\n<style type=\"text\/css\" data-created_by=\"avia_inline_auto\" id=\"style-css-av-7k7ou2-1b6e3acf714a520f5888293b140992b4\">\n.avia-section.av-7k7ou2-1b6e3acf714a520f5888293b140992b4 .av-parallax .av-parallax-inner{\nbackground-repeat:no-repeat;\nbackground-image:url(https:\/\/www.piquifou.com\/wp-content\/uploads\/2021\/01\/parallax-accueil-01.jpg);\nbackground-position:50% 50%;\nbackground-attachment:scroll;\n}\n.avia-section.av-7k7ou2-1b6e3acf714a520f5888293b140992b4 .av-section-color-overlay{\nopacity:0.3;\nbackground-color:#000000;\n}\n<\/style>\n<div id='av_section_2'  class='avia-section av-7k7ou2-1b6e3acf714a520f5888293b140992b4 alternate_color avia-section-large avia-no-border-styling  avia-builder-el-9  el_after_av_layout_row  avia-builder-el-last  avia-full-stretch av-parallax-section avia-bg-style-parallax av-section-color-overlay-active container_wrap sidebar_right'  data-section-bg-repeat='stretch'><div class='av-parallax' data-avia-parallax-ratio='0.3' ><div class='av-parallax-inner alternate_color avia-full-stretch'><\/div><\/div><div class=\"av-section-color-overlay-wrap\"><div class=\"av-section-color-overlay\"><\/div><div class='container av-section-cont-open' ><div class='template-page content  av-content-small alpha units'><div class='post-entry post-entry-type-page post-entry-1239'><div class='entry-content-wrapper clearfix'>\n\n<style type=\"text\/css\" data-created_by=\"avia_inline_auto\" id=\"style-css-av-kke1xiot-7f64b48a3701691b5630b6be58ef3a32\">\n#top .av-special-heading.av-kke1xiot-7f64b48a3701691b5630b6be58ef3a32{\npadding-bottom:20px;\nfont-size:40px;\n}\nbody .av-special-heading.av-kke1xiot-7f64b48a3701691b5630b6be58ef3a32 .av-special-heading-tag .heading-char{\nfont-size:25px;\n}\n#top #wrap_all .av-special-heading.av-kke1xiot-7f64b48a3701691b5630b6be58ef3a32 .av-special-heading-tag{\nfont-size:40px;\n}\n.av-special-heading.av-kke1xiot-7f64b48a3701691b5630b6be58ef3a32 .av-subheading{\nfont-size:15px;\n}\n\n@media only screen and (min-width: 480px) and (max-width: 767px){ \n#top #wrap_all .av-special-heading.av-kke1xiot-7f64b48a3701691b5630b6be58ef3a32 .av-special-heading-tag{\nfont-size:0.8em;\n}\n}\n\n@media only screen and (max-width: 479px){ \n#top #wrap_all .av-special-heading.av-kke1xiot-7f64b48a3701691b5630b6be58ef3a32 .av-special-heading-tag{\nfont-size:0.8em;\n}\n}\n<\/style>\n<div  class='av-special-heading av-kke1xiot-7f64b48a3701691b5630b6be58ef3a32 av-special-heading-h2 blockquote modern-quote modern-centered  avia-builder-el-10  avia-builder-el-no-sibling  av-inherit-size'><h2 class='av-special-heading-tag '  itemprop=\"headline\"  >Brigitte and Jean-Marc Millet are happy to present their ceramic art creations.<\/h2><div class=\"special-heading-border\"><div class=\"special-heading-inner-border\"><\/div><\/div><\/div>\n<\/div><\/div><\/div><!-- close content main div --><\/div><\/div><\/div><div id='after_section_2'  class='main_color av_default_container_wrap container_wrap sidebar_right'  ><div class='container av-section-cont-open' ><div class='template-page content  av-content-small alpha units'><div class='post-entry post-entry-type-page post-entry-1239'><div class='entry-content-wrapper clearfix'><\/p>\n","protected":false},"excerpt":{"rendered":"","protected":false},"author":1,"featured_media":0,"parent":0,"menu_order":0,"comment_status":"closed","ping_status":"closed","template":"","meta":{"footnotes":""},"class_list":["post-1239","page","type-page","status-publish","hentry"],"yoast_head":"<!-- This site is optimized with the Yoast SEO plugin v27.5 - https:\/\/yoast.com\/product\/yoast-seo-wordpress\/ -->\n<title>Home - Atelier Piquifou - C\u00e9ramique d&#039;Art<\/title>\n<meta name=\"robots\" content=\"index, follow, max-snippet:-1, max-image-preview:large, max-video-preview:-1\" \/>\n<link rel=\"canonical\" href=\"https:\/\/www.piquifou.com\/en\/\" \/>\n<meta property=\"og:locale\" content=\"en_US\" \/>\n<meta property=\"og:type\" content=\"article\" \/>\n<meta property=\"og:title\" content=\"Home - Atelier Piquifou - C\u00e9ramique d&#039;Art\" \/>\n<meta property=\"og:url\" content=\"https:\/\/www.piquifou.com\/en\/\" \/>\n<meta property=\"og:site_name\" content=\"Atelier Piquifou - C\u00e9ramique d&#039;Art\" \/>\n<meta property=\"article:modified_time\" content=\"2021-01-26T14:40:05+00:00\" \/>\n<meta name=\"twitter:card\" content=\"summary_large_image\" \/>\n<meta name=\"twitter:label1\" content=\"Est. reading time\" \/>\n\t<meta name=\"twitter:data1\" content=\"6 minutes\" \/>\n<script type=\"application\/ld+json\" class=\"yoast-schema-graph\">{\"@context\":\"https:\\\/\\\/schema.org\",\"@graph\":[{\"@type\":\"WebPage\",\"@id\":\"https:\\\/\\\/www.piquifou.com\\\/en\\\/\",\"url\":\"https:\\\/\\\/www.piquifou.com\\\/en\\\/\",\"name\":\"Home - Atelier Piquifou - C\u00e9ramique d&#039;Art\",\"isPartOf\":{\"@id\":\"https:\\\/\\\/www.piquifou.com\\\/#website\"},\"datePublished\":\"2016-02-29T12:10:37+00:00\",\"dateModified\":\"2021-01-26T14:40:05+00:00\",\"breadcrumb\":{\"@id\":\"https:\\\/\\\/www.piquifou.com\\\/en\\\/#breadcrumb\"},\"inLanguage\":\"en-US\",\"potentialAction\":[{\"@type\":\"ReadAction\",\"target\":[\"https:\\\/\\\/www.piquifou.com\\\/en\\\/\"]}]},{\"@type\":\"BreadcrumbList\",\"@id\":\"https:\\\/\\\/www.piquifou.com\\\/en\\\/#breadcrumb\",\"itemListElement\":[{\"@type\":\"ListItem\",\"position\":1,\"name\":\"Accueil\",\"item\":\"https:\\\/\\\/www.piquifou.com\\\/en\\\/\"},{\"@type\":\"ListItem\",\"position\":2,\"name\":\"Home\"}]},{\"@type\":\"WebSite\",\"@id\":\"https:\\\/\\\/www.piquifou.com\\\/#website\",\"url\":\"https:\\\/\\\/www.piquifou.com\\\/\",\"name\":\"Atelier Piquifou - C\u00e9ramique d&#039;Art\",\"description\":\"Cr\u00e9ations de C\u00e9ramique d&#039;Art - Brigitte et Jean-Marc Millet\",\"potentialAction\":[{\"@type\":\"SearchAction\",\"target\":{\"@type\":\"EntryPoint\",\"urlTemplate\":\"https:\\\/\\\/www.piquifou.com\\\/?s={search_term_string}\"},\"query-input\":{\"@type\":\"PropertyValueSpecification\",\"valueRequired\":true,\"valueName\":\"search_term_string\"}}],\"inLanguage\":\"en-US\"}]}<\/script>\n<!-- \/ Yoast SEO plugin. -->","yoast_head_json":{"title":"Home - Atelier Piquifou - C\u00e9ramique d&#039;Art","robots":{"index":"index","follow":"follow","max-snippet":"max-snippet:-1","max-image-preview":"max-image-preview:large","max-video-preview":"max-video-preview:-1"},"canonical":"https:\/\/www.piquifou.com\/en\/","og_locale":"en_US","og_type":"article","og_title":"Home - Atelier Piquifou - C\u00e9ramique d&#039;Art","og_url":"https:\/\/www.piquifou.com\/en\/","og_site_name":"Atelier Piquifou - C\u00e9ramique d&#039;Art","article_modified_time":"2021-01-26T14:40:05+00:00","twitter_card":"summary_large_image","twitter_misc":{"Est. reading time":"6 minutes"},"schema":{"@context":"https:\/\/schema.org","@graph":[{"@type":"WebPage","@id":"https:\/\/www.piquifou.com\/en\/","url":"https:\/\/www.piquifou.com\/en\/","name":"Home - Atelier Piquifou - C\u00e9ramique d&#039;Art","isPartOf":{"@id":"https:\/\/www.piquifou.com\/#website"},"datePublished":"2016-02-29T12:10:37+00:00","dateModified":"2021-01-26T14:40:05+00:00","breadcrumb":{"@id":"https:\/\/www.piquifou.com\/en\/#breadcrumb"},"inLanguage":"en-US","potentialAction":[{"@type":"ReadAction","target":["https:\/\/www.piquifou.com\/en\/"]}]},{"@type":"BreadcrumbList","@id":"https:\/\/www.piquifou.com\/en\/#breadcrumb","itemListElement":[{"@type":"ListItem","position":1,"name":"Accueil","item":"https:\/\/www.piquifou.com\/en\/"},{"@type":"ListItem","position":2,"name":"Home"}]},{"@type":"WebSite","@id":"https:\/\/www.piquifou.com\/#website","url":"https:\/\/www.piquifou.com\/","name":"Atelier Piquifou - C\u00e9ramique d&#039;Art","description":"Cr\u00e9ations de C\u00e9ramique d&#039;Art - Brigitte et Jean-Marc Millet","potentialAction":[{"@type":"SearchAction","target":{"@type":"EntryPoint","urlTemplate":"https:\/\/www.piquifou.com\/?s={search_term_string}"},"query-input":{"@type":"PropertyValueSpecification","valueRequired":true,"valueName":"search_term_string"}}],"inLanguage":"en-US"}]}},"_links":{"self":[{"href":"https:\/\/www.piquifou.com\/en\/wp-json\/wp\/v2\/pages\/1239","targetHints":{"allow":["GET"]}}],"collection":[{"href":"https:\/\/www.piquifou.com\/en\/wp-json\/wp\/v2\/pages"}],"about":[{"href":"https:\/\/www.piquifou.com\/en\/wp-json\/wp\/v2\/types\/page"}],"author":[{"embeddable":true,"href":"https:\/\/www.piquifou.com\/en\/wp-json\/wp\/v2\/users\/1"}],"replies":[{"embeddable":true,"href":"https:\/\/www.piquifou.com\/en\/wp-json\/wp\/v2\/comments?post=1239"}],"version-history":[{"count":0,"href":"https:\/\/www.piquifou.com\/en\/wp-json\/wp\/v2\/pages\/1239\/revisions"}],"wp:attachment":[{"href":"https:\/\/www.piquifou.com\/en\/wp-json\/wp\/v2\/media?parent=1239"}],"curies":[{"name":"wp","href":"https:\/\/api.w.org\/{rel}","templated":true}]}}