{"id":1259,"date":"2021-01-22T15:56:56","date_gmt":"2021-01-22T14:56:56","guid":{"rendered":"http:\/\/www.piquifou.com\/atelier-piquifou\/"},"modified":"2021-01-26T18:06:13","modified_gmt":"2021-01-26T17:06:13","slug":"atelier-piquifou","status":"publish","type":"page","link":"https:\/\/www.piquifou.com\/en\/atelier-piquifou\/","title":{"rendered":"The Atelier Piquifou"},"content":{"rendered":"<div id='av_section_1'  class='avia-section av-4trywj-217c441c35d5c6a2517fb3a0c47d4f80 main_color avia-section-default avia-no-border-styling  avia-builder-el-0  avia-builder-el-no-sibling  avia-bg-style-scroll container_wrap sidebar_right'  ><div class='container av-section-cont-open' ><main  role=\"main\" itemprop=\"mainContentOfPage\"  class='template-page content  av-content-small alpha units'><div class='post-entry post-entry-type-page post-entry-1259'><div class='entry-content-wrapper clearfix'>\n\n<style type=\"text\/css\" data-created_by=\"avia_inline_auto\" id=\"style-css-av-av_heading-2a91d5b9686016241994051a51c47f88\">\n#top .av-special-heading.av-av_heading-2a91d5b9686016241994051a51c47f88{\npadding-bottom:0;\ncolor:#6b9f9b;\nfont-size:60px;\n}\nbody .av-special-heading.av-av_heading-2a91d5b9686016241994051a51c47f88 .av-special-heading-tag .heading-char{\nfont-size:25px;\n}\n#top #wrap_all .av-special-heading.av-av_heading-2a91d5b9686016241994051a51c47f88 .av-special-heading-tag{\nfont-size:60px;\n}\n.av-special-heading.av-av_heading-2a91d5b9686016241994051a51c47f88 .special-heading-inner-border{\nborder-color:#6b9f9b;\n}\n.av-special-heading.av-av_heading-2a91d5b9686016241994051a51c47f88 .av-subheading{\nfont-size:30px;\n}\n\n@media only screen and (min-width: 480px) and (max-width: 767px){ \n#top #wrap_all .av-special-heading.av-av_heading-2a91d5b9686016241994051a51c47f88 .av-special-heading-tag{\nfont-size:0.8em;\n}\n}\n\n@media only screen and (max-width: 479px){ \n#top #wrap_all .av-special-heading.av-av_heading-2a91d5b9686016241994051a51c47f88 .av-special-heading-tag{\nfont-size:0.8em;\n}\n}\n<\/style>\n<div  class='av-special-heading av-av_heading-2a91d5b9686016241994051a51c47f88 av-special-heading-h1 custom-color-heading blockquote modern-quote  avia-builder-el-1  el_before_av_one_half  avia-builder-el-first  av-inherit-size'><h1 class='av-special-heading-tag '  itemprop=\"headline\"  >The Atelier Piquifou<\/h1><div class='av_custom_color av-subheading av-subheading_below'><p><span style=\"color: #fff;\">Brigitte and Jean-Marc Millet<\/span><\/p>\n<\/div><div class=\"special-heading-border\"><div class=\"special-heading-inner-border\"><\/div><\/div><\/div>\n\n<style type=\"text\/css\" data-created_by=\"avia_inline_auto\" id=\"style-css-av-49dabv-b03a228d89b10084bb1d48bcaaf4d00f\">\n.flex_column.av-49dabv-b03a228d89b10084bb1d48bcaaf4d00f{\nborder-radius:0px 0px 0px 0px;\npadding:0px 0px 0px 0px;\n}\n<\/style>\n<div  class='flex_column av-49dabv-b03a228d89b10084bb1d48bcaaf4d00f av_one_half  avia-builder-el-2  el_after_av_heading  el_before_av_one_half  first flex_column_div av-zero-column-padding  '     ><section  class='av_textblock_section av-kk6ye5zg-1d77c4e59e7500a1dcbf073c91ecd6dc '   itemscope=\"itemscope\" itemtype=\"https:\/\/schema.org\/CreativeWork\" ><div class='avia_textblock'  itemprop=\"text\" ><blockquote>\n<p>There\u2019s no accounting for taste and color. Brigitte and Jean-Marc Millet not only have color, but also a very good taste, a strange taste, coming from elsewhere\u2026<\/p>\n<\/blockquote>\n<p>Thoses statues made with sandstone meet <strong>the three conditions that create an interesting work.<\/strong> They have substance, form and above all color . Only the excellent pieces made with ceramic meet this 3 criteria. And when you know how technically hard it is to relate those 3 steps, the spectator is enticed to say \u201cBravo!\u201d.<\/p>\n<p><span style=\"color: #d7c07d;\">THE SUBSTANCE<\/span> used is the most noble substance. This is the archetypal substance, the one that we all come from: \u201cDust you are, dust you will return\u201d, says the Gen\u00e8se.<br \/>\nClay soil is a smooth substance, she allows the artist to become also a demiurge.<br \/>\nIt is also surprising to see that from the same white soil, many different characters will uprise.<br \/>\nBlack color, white color or yellow color come from the same clear paste. The blending between clay and crushed soil gives to the form a texture almost alive coming from its irregularity. A \u201cgraphit\u00e9\u201d expands the clothes substance, which is truly astonishing.<\/p>\n<\/div><\/section><br \/>\n\n<style type=\"text\/css\" data-created_by=\"avia_inline_auto\" id=\"style-css-av-kk8grqbu-f3477d39fa84de713025e63993faf13a\">\n.avia-image-container.av-kk8grqbu-f3477d39fa84de713025e63993faf13a img.avia_image{\nbox-shadow:none;\n}\n.avia-image-container.av-kk8grqbu-f3477d39fa84de713025e63993faf13a .av-image-caption-overlay-center{\ncolor:#ffffff;\n}\n<\/style>\n<div  class='avia-image-container av-kk8grqbu-f3477d39fa84de713025e63993faf13a av-styling- avia-align-center  avia-builder-el-4  el_after_av_textblock  avia-builder-el-last '   itemprop=\"image\" itemscope=\"itemscope\" itemtype=\"https:\/\/schema.org\/ImageObject\" ><div class=\"avia-image-container-inner\"><div class=\"avia-image-overlay-wrap\"><img decoding=\"async\" fetchpriority=\"high\" class='wp-image-1306 avia-img-lazy-loading-not-1306 avia_image ' src=\"https:\/\/www.piquifou.com\/wp-content\/uploads\/2021\/01\/atelier-piquifou-01.jpg\" alt='Mer de Chine' title='atelier-piquifou-01'  height=\"557\" width=\"500\"  itemprop=\"thumbnailUrl\" srcset=\"https:\/\/www.piquifou.com\/wp-content\/uploads\/2021\/01\/atelier-piquifou-01.jpg 500w, https:\/\/www.piquifou.com\/wp-content\/uploads\/2021\/01\/atelier-piquifou-01-269x300.jpg 269w\" sizes=\"(max-width: 500px) 100vw, 500px\" \/><\/div><\/div><\/div><\/p><\/div>\n<style type=\"text\/css\" data-created_by=\"avia_inline_auto\" id=\"style-css-av-7n8az-284f4bc4d019f5f87f1eb1638defe5c4\">\n.flex_column.av-7n8az-284f4bc4d019f5f87f1eb1638defe5c4{\nborder-radius:0px 0px 0px 0px;\npadding:0px 0px 0px 0px;\n}\n<\/style>\n<div  class='flex_column av-7n8az-284f4bc4d019f5f87f1eb1638defe5c4 av_one_half  avia-builder-el-5  el_after_av_one_half  el_before_av_hr  flex_column_div av-zero-column-padding  '     ><p>\n<style type=\"text\/css\" data-created_by=\"avia_inline_auto\" id=\"style-css-av-kk8grqbu-0704cfb41a8c9d54bcddf0bebed26ab9\">\n.avia-image-container.av-kk8grqbu-0704cfb41a8c9d54bcddf0bebed26ab9 img.avia_image{\nbox-shadow:none;\n}\n.avia-image-container.av-kk8grqbu-0704cfb41a8c9d54bcddf0bebed26ab9 .av-image-caption-overlay-center{\ncolor:#ffffff;\n}\n<\/style>\n<div  class='avia-image-container av-kk8grqbu-0704cfb41a8c9d54bcddf0bebed26ab9 av-styling- avia-align-center  avia-builder-el-6  el_before_av_textblock  avia-builder-el-first '   itemprop=\"image\" itemscope=\"itemscope\" itemtype=\"https:\/\/schema.org\/ImageObject\" ><div class=\"avia-image-container-inner\"><div class=\"avia-image-overlay-wrap\"><img decoding=\"async\" fetchpriority=\"high\" class='wp-image-1441 avia-img-lazy-loading-not-1441 avia_image ' src=\"https:\/\/www.piquifou.com\/wp-content\/uploads\/2021\/01\/atelier-piquifou-07.jpg\" alt='' title='atelier-piquifou-07'  height=\"410\" width=\"500\"  itemprop=\"thumbnailUrl\" srcset=\"https:\/\/www.piquifou.com\/wp-content\/uploads\/2021\/01\/atelier-piquifou-07.jpg 500w, https:\/\/www.piquifou.com\/wp-content\/uploads\/2021\/01\/atelier-piquifou-07-300x246.jpg 300w\" sizes=\"(max-width: 500px) 100vw, 500px\" \/><\/div><\/div><\/div><br \/>\n<section  class='av_textblock_section av-kk6ye5zg-1d77c4e59e7500a1dcbf073c91ecd6dc '   itemscope=\"itemscope\" itemtype=\"https:\/\/schema.org\/CreativeWork\" ><div class='avia_textblock'  itemprop=\"text\" ><p>Then <span style=\"color: #d7c07d;\">THE FORME<\/span> It is rather rangy, almost immoderate, following the example of our models during fashion shows on podiums. Is this elongation a view of mind or rather an above aspiration, a sort of sublimation? They are men and women on their way towards a better world?<br \/>\nEvery detail is carefully studied and realised like earrings, hats, sets of jewels, necklesses, haircuts. It points up an undeniable hieratic nobility and a mystery never resolved. Forms that come from a strange imaginary haunt our dreams, like if the whole people were forming a single family.<\/p>\n<p>Finally <span style=\"color: #d7c07d;\">THE COLOUR<\/span>, the final touch is realised after a first firing or \u201cbiscuit\u201d.<br \/>\nTincture requires a second firing that bstowed to the whole an extraordinary life.<br \/>\nColors used are often the prmary colors : Red, Yellow, Blue. Then, we add the Black color resulted from the smoking or the White color resulted from the \u201cengobe\u201d (thin covering created from diluted clay), which respect the original light color.<br \/>\nA piece of gold (metallic oxide), reveals a light brightness to statues\u2019jewellery.<br \/>\nThose colors which are chocking colors, reveal the fire temperament of Brigitte and Jean-Marc Millet.<\/p>\n<p>Within <strong>the Atelier Piquifou<\/strong>, you are immersed into an original and fertile ceramic work made with a fully controlled proficiency.<br \/>\nThis is also a trip over time and space, a trip around the Earth, a link between the whole mens, our \u201cBrothers\u201d\u2026<\/p>\n<p style=\"text-align: right;\"><em>Corinne Roos<\/em><\/p>\n<\/div><\/section><\/p><\/div>\n<style type=\"text\/css\" data-created_by=\"avia_inline_auto\" id=\"style-css-av-kk6yhzfv-e917ab396bd04594345a15ed10581b94\">\n#top .hr.hr-invisible.av-kk6yhzfv-e917ab396bd04594345a15ed10581b94{\nheight:15px;\n}\n<\/style>\n<div  class='hr av-kk6yhzfv-e917ab396bd04594345a15ed10581b94 hr-invisible  avia-builder-el-8  el_after_av_one_half  avia-builder-el-last '><span class='hr-inner '><span class=\"hr-inner-style\"><\/span><\/span><\/div>\n<\/div><\/div><\/main><!-- close content main element --><\/div><\/div><div id='after_section_1'  class='main_color av_default_container_wrap container_wrap sidebar_right'  ><div class='container av-section-cont-open' ><div class='template-page content  av-content-small alpha units'><div class='post-entry post-entry-type-page post-entry-1259'><div class='entry-content-wrapper clearfix'>\n","protected":false},"excerpt":{"rendered":"","protected":false},"author":1,"featured_media":0,"parent":0,"menu_order":0,"comment_status":"closed","ping_status":"closed","template":"","meta":{"footnotes":""},"class_list":["post-1259","page","type-page","status-publish","hentry"],"yoast_head":"<!-- This site is optimized with the Yoast SEO plugin v27.5 - https:\/\/yoast.com\/product\/yoast-seo-wordpress\/ -->\n<title>The Atelier Piquifou - Atelier Piquifou - C\u00e9ramique d&#039;Art<\/title>\n<meta name=\"robots\" content=\"index, follow, max-snippet:-1, max-image-preview:large, max-video-preview:-1\" \/>\n<link rel=\"canonical\" href=\"https:\/\/www.piquifou.com\/en\/atelier-piquifou\/\" \/>\n<meta property=\"og:locale\" content=\"en_US\" \/>\n<meta property=\"og:type\" content=\"article\" \/>\n<meta property=\"og:title\" content=\"The Atelier Piquifou - Atelier Piquifou - C\u00e9ramique d&#039;Art\" \/>\n<meta property=\"og:url\" content=\"https:\/\/www.piquifou.com\/en\/atelier-piquifou\/\" \/>\n<meta property=\"og:site_name\" content=\"Atelier Piquifou - C\u00e9ramique d&#039;Art\" \/>\n<meta property=\"article:modified_time\" content=\"2021-01-26T17:06:13+00:00\" \/>\n<meta name=\"twitter:card\" content=\"summary_large_image\" \/>\n<meta name=\"twitter:label1\" content=\"Est. reading time\" \/>\n\t<meta name=\"twitter:data1\" content=\"6 minutes\" \/>\n<script type=\"application\/ld+json\" class=\"yoast-schema-graph\">{\"@context\":\"https:\\\/\\\/schema.org\",\"@graph\":[{\"@type\":\"WebPage\",\"@id\":\"https:\\\/\\\/www.piquifou.com\\\/en\\\/atelier-piquifou\\\/\",\"url\":\"https:\\\/\\\/www.piquifou.com\\\/en\\\/atelier-piquifou\\\/\",\"name\":\"The Atelier Piquifou - Atelier Piquifou - C\u00e9ramique d&#039;Art\",\"isPartOf\":{\"@id\":\"https:\\\/\\\/www.piquifou.com\\\/#website\"},\"datePublished\":\"2021-01-22T14:56:56+00:00\",\"dateModified\":\"2021-01-26T17:06:13+00:00\",\"breadcrumb\":{\"@id\":\"https:\\\/\\\/www.piquifou.com\\\/en\\\/atelier-piquifou\\\/#breadcrumb\"},\"inLanguage\":\"en-US\",\"potentialAction\":[{\"@type\":\"ReadAction\",\"target\":[\"https:\\\/\\\/www.piquifou.com\\\/en\\\/atelier-piquifou\\\/\"]}]},{\"@type\":\"BreadcrumbList\",\"@id\":\"https:\\\/\\\/www.piquifou.com\\\/en\\\/atelier-piquifou\\\/#breadcrumb\",\"itemListElement\":[{\"@type\":\"ListItem\",\"position\":1,\"name\":\"Accueil\",\"item\":\"https:\\\/\\\/www.piquifou.com\\\/en\\\/\"},{\"@type\":\"ListItem\",\"position\":2,\"name\":\"The Atelier Piquifou\"}]},{\"@type\":\"WebSite\",\"@id\":\"https:\\\/\\\/www.piquifou.com\\\/#website\",\"url\":\"https:\\\/\\\/www.piquifou.com\\\/\",\"name\":\"Atelier Piquifou - C\u00e9ramique d&#039;Art\",\"description\":\"Cr\u00e9ations de C\u00e9ramique d&#039;Art - Brigitte et Jean-Marc Millet\",\"potentialAction\":[{\"@type\":\"SearchAction\",\"target\":{\"@type\":\"EntryPoint\",\"urlTemplate\":\"https:\\\/\\\/www.piquifou.com\\\/?s={search_term_string}\"},\"query-input\":{\"@type\":\"PropertyValueSpecification\",\"valueRequired\":true,\"valueName\":\"search_term_string\"}}],\"inLanguage\":\"en-US\"}]}<\/script>\n<!-- \/ Yoast SEO plugin. -->","yoast_head_json":{"title":"The Atelier Piquifou - Atelier Piquifou - C\u00e9ramique d&#039;Art","robots":{"index":"index","follow":"follow","max-snippet":"max-snippet:-1","max-image-preview":"max-image-preview:large","max-video-preview":"max-video-preview:-1"},"canonical":"https:\/\/www.piquifou.com\/en\/atelier-piquifou\/","og_locale":"en_US","og_type":"article","og_title":"The Atelier Piquifou - Atelier Piquifou - C\u00e9ramique d&#039;Art","og_url":"https:\/\/www.piquifou.com\/en\/atelier-piquifou\/","og_site_name":"Atelier Piquifou - C\u00e9ramique d&#039;Art","article_modified_time":"2021-01-26T17:06:13+00:00","twitter_card":"summary_large_image","twitter_misc":{"Est. reading time":"6 minutes"},"schema":{"@context":"https:\/\/schema.org","@graph":[{"@type":"WebPage","@id":"https:\/\/www.piquifou.com\/en\/atelier-piquifou\/","url":"https:\/\/www.piquifou.com\/en\/atelier-piquifou\/","name":"The Atelier Piquifou - Atelier Piquifou - C\u00e9ramique d&#039;Art","isPartOf":{"@id":"https:\/\/www.piquifou.com\/#website"},"datePublished":"2021-01-22T14:56:56+00:00","dateModified":"2021-01-26T17:06:13+00:00","breadcrumb":{"@id":"https:\/\/www.piquifou.com\/en\/atelier-piquifou\/#breadcrumb"},"inLanguage":"en-US","potentialAction":[{"@type":"ReadAction","target":["https:\/\/www.piquifou.com\/en\/atelier-piquifou\/"]}]},{"@type":"BreadcrumbList","@id":"https:\/\/www.piquifou.com\/en\/atelier-piquifou\/#breadcrumb","itemListElement":[{"@type":"ListItem","position":1,"name":"Accueil","item":"https:\/\/www.piquifou.com\/en\/"},{"@type":"ListItem","position":2,"name":"The Atelier Piquifou"}]},{"@type":"WebSite","@id":"https:\/\/www.piquifou.com\/#website","url":"https:\/\/www.piquifou.com\/","name":"Atelier Piquifou - C\u00e9ramique d&#039;Art","description":"Cr\u00e9ations de C\u00e9ramique d&#039;Art - Brigitte et Jean-Marc Millet","potentialAction":[{"@type":"SearchAction","target":{"@type":"EntryPoint","urlTemplate":"https:\/\/www.piquifou.com\/?s={search_term_string}"},"query-input":{"@type":"PropertyValueSpecification","valueRequired":true,"valueName":"search_term_string"}}],"inLanguage":"en-US"}]}},"_links":{"self":[{"href":"https:\/\/www.piquifou.com\/en\/wp-json\/wp\/v2\/pages\/1259","targetHints":{"allow":["GET"]}}],"collection":[{"href":"https:\/\/www.piquifou.com\/en\/wp-json\/wp\/v2\/pages"}],"about":[{"href":"https:\/\/www.piquifou.com\/en\/wp-json\/wp\/v2\/types\/page"}],"author":[{"embeddable":true,"href":"https:\/\/www.piquifou.com\/en\/wp-json\/wp\/v2\/users\/1"}],"replies":[{"embeddable":true,"href":"https:\/\/www.piquifou.com\/en\/wp-json\/wp\/v2\/comments?post=1259"}],"version-history":[{"count":0,"href":"https:\/\/www.piquifou.com\/en\/wp-json\/wp\/v2\/pages\/1259\/revisions"}],"wp:attachment":[{"href":"https:\/\/www.piquifou.com\/en\/wp-json\/wp\/v2\/media?parent=1259"}],"curies":[{"name":"wp","href":"https:\/\/api.w.org\/{rel}","templated":true}]}}