{"id":1264,"date":"2021-01-21T13:49:10","date_gmt":"2021-01-21T12:49:10","guid":{"rendered":"http:\/\/www.piquifou.com\/ambiances\/"},"modified":"2021-01-26T15:11:04","modified_gmt":"2021-01-26T14:11:04","slug":"ambiances","status":"publish","type":"page","link":"https:\/\/www.piquifou.com\/en\/ambiances\/","title":{"rendered":"Ambiances"},"content":{"rendered":"<div id='av_section_1'  class='avia-section av-4trywj-217c441c35d5c6a2517fb3a0c47d4f80 main_color avia-section-default avia-no-border-styling  avia-builder-el-0  avia-builder-el-no-sibling  avia-bg-style-scroll container_wrap sidebar_right'  ><div class='container av-section-cont-open' ><main  role=\"main\" itemprop=\"mainContentOfPage\"  class='template-page content  av-content-small alpha units'><div class='post-entry post-entry-type-page post-entry-1264'><div class='entry-content-wrapper clearfix'>\n\n<style type=\"text\/css\" data-created_by=\"avia_inline_auto\" id=\"style-css-av-av_heading-999f07c2fdf43802603c1ecc1865d200\">\n#top .av-special-heading.av-av_heading-999f07c2fdf43802603c1ecc1865d200{\npadding-bottom:0;\ncolor:#d7c07d;\nfont-size:60px;\n}\nbody .av-special-heading.av-av_heading-999f07c2fdf43802603c1ecc1865d200 .av-special-heading-tag .heading-char{\nfont-size:25px;\n}\n#top #wrap_all .av-special-heading.av-av_heading-999f07c2fdf43802603c1ecc1865d200 .av-special-heading-tag{\nfont-size:60px;\n}\n.av-special-heading.av-av_heading-999f07c2fdf43802603c1ecc1865d200 .special-heading-inner-border{\nborder-color:#d7c07d;\n}\n.av-special-heading.av-av_heading-999f07c2fdf43802603c1ecc1865d200 .av-subheading{\nfont-size:18px;\n}\n\n@media only screen and (min-width: 480px) and (max-width: 767px){ \n#top #wrap_all .av-special-heading.av-av_heading-999f07c2fdf43802603c1ecc1865d200 .av-special-heading-tag{\nfont-size:0.8em;\n}\n}\n\n@media only screen and (max-width: 479px){ \n#top #wrap_all .av-special-heading.av-av_heading-999f07c2fdf43802603c1ecc1865d200 .av-special-heading-tag{\nfont-size:0.8em;\n}\n}\n<\/style>\n<div  class='av-special-heading av-av_heading-999f07c2fdf43802603c1ecc1865d200 av-special-heading-h1 custom-color-heading blockquote modern-quote  avia-builder-el-1  el_before_av_textblock  avia-builder-el-first  av-inherit-size'><h1 class='av-special-heading-tag '  itemprop=\"headline\"  >Ambiances&#8230;<\/h1><div class=\"special-heading-border\"><div class=\"special-heading-inner-border\"><\/div><\/div><\/div>\n<section  class='av_textblock_section av-kk6ye5zg-1d77c4e59e7500a1dcbf073c91ecd6dc '   itemscope=\"itemscope\" itemtype=\"https:\/\/schema.org\/CreativeWork\" ><div class='avia_textblock'  itemprop=\"text\" ><p>I hope these photo montage will bring a sense of wonder and give a better understanding of my work.<br \/>There are destined to put my art into perspective and make it shine with the most vivid colors.<\/p>\n<\/div><\/section>\n\n<style type=\"text\/css\" data-created_by=\"avia_inline_auto\" id=\"style-css-av-kk6yhzfv-e917ab396bd04594345a15ed10581b94\">\n#top .hr.hr-invisible.av-kk6yhzfv-e917ab396bd04594345a15ed10581b94{\nheight:15px;\n}\n<\/style>\n<div  class='hr av-kk6yhzfv-e917ab396bd04594345a15ed10581b94 hr-invisible  avia-builder-el-3  el_after_av_textblock  el_before_av_textblock '><span class='hr-inner '><span class=\"hr-inner-style\"><\/span><\/span><\/div>\n<section  class='av_textblock_section av-4g8ldn-1ced1e5ce3697fbef5659585ced31cfe '   itemscope=\"itemscope\" itemtype=\"https:\/\/schema.org\/CreativeWork\" ><div class='avia_textblock'  itemprop=\"text\" ><div class=\"rolo_wrapper images rolo_wrapper6\"><div id=\"rolo_52_1\" class=\"owl-carousel rolo_slider clearfix \" data-anm=\"fade\" data-hgh=\"1080\" data-slsp=\"600\" data-autp=\"on\" data-autps=\"5900\" data-hsb=\"off\" data-scr=\"off\" data-bul=\"off\" data-autst=\"off\" data-fw=\"no\"><div class=\"item\"><img decoding=\"async\" alt=\"\" class=\"slide-img\" src=\"http:\/\/www.piquifou.com\/wp-content\/uploads\/2017\/09\/piquifou-galerie-10.jpg\"\/><\/div><div class=\"item item\"><img decoding=\"async\" alt=\"\" class=\"slide-img\" src=\"http:\/\/www.piquifou.com\/wp-content\/uploads\/2017\/09\/piquifou-galerie-01.jpg\"\/><\/div><div class=\"item item item\"><img decoding=\"async\" alt=\"\" class=\"slide-img\" src=\"http:\/\/www.piquifou.com\/wp-content\/uploads\/2017\/09\/piquifou-galerie-07.jpg\"\/><\/div><div class=\"item item item item\"><img decoding=\"async\" alt=\"\" class=\"slide-img\" src=\"http:\/\/www.piquifou.com\/wp-content\/uploads\/2017\/09\/piquifou-galerie-04.jpg\"\/><\/div><div class=\"item item item item item\"><img decoding=\"async\" alt=\"\" class=\"slide-img\" src=\"http:\/\/www.piquifou.com\/wp-content\/uploads\/2017\/09\/piquifou-galerie-06.jpg\"\/><\/div><div class=\"item item item item item item\"><img decoding=\"async\" alt=\"\" class=\"slide-img\" src=\"http:\/\/www.piquifou.com\/wp-content\/uploads\/2017\/09\/piquifou-galerie-05.jpg\"\/><\/div><div class=\"item item item item item item item\"><img decoding=\"async\" alt=\"\" class=\"slide-img\" src=\"http:\/\/www.piquifou.com\/wp-content\/uploads\/2017\/09\/piquifou-galerie-08.jpg\"\/><\/div><div class=\"item item item item item item item item\"><img decoding=\"async\" alt=\"\" class=\"slide-img\" src=\"http:\/\/www.piquifou.com\/wp-content\/uploads\/2017\/09\/piquifou-galerie-03.jpg\"\/><\/div><div class=\"item item item item item item item item item\"><img decoding=\"async\" alt=\"\" class=\"slide-img\" src=\"http:\/\/www.piquifou.com\/wp-content\/uploads\/2017\/09\/piquifou-galerie-09.jpg\"\/><\/div><div class=\"item item item item item item item item item item\"><img decoding=\"async\" alt=\"\" class=\"slide-img\" src=\"http:\/\/www.piquifou.com\/wp-content\/uploads\/2017\/09\/piquifou-galerie-02.jpg\"\/><\/div><\/div><\/div>\n<\/div><\/section>\n<\/div><\/div><\/main><!-- close content main element --><\/div><\/div><div id='after_section_1'  class='main_color av_default_container_wrap container_wrap sidebar_right'  ><div class='container av-section-cont-open' ><div class='template-page content  av-content-small alpha units'><div class='post-entry post-entry-type-page post-entry-1264'><div class='entry-content-wrapper clearfix'>\n","protected":false},"excerpt":{"rendered":"","protected":false},"author":1,"featured_media":0,"parent":0,"menu_order":0,"comment_status":"closed","ping_status":"closed","template":"","meta":{"footnotes":""},"class_list":["post-1264","page","type-page","status-publish","hentry"],"yoast_head":"<!-- This site is optimized with the Yoast SEO plugin v27.4 - https:\/\/yoast.com\/product\/yoast-seo-wordpress\/ -->\n<title>Ambiances - Atelier Piquifou - C\u00e9ramique d&#039;Art<\/title>\n<meta name=\"robots\" content=\"index, follow, max-snippet:-1, max-image-preview:large, max-video-preview:-1\" \/>\n<link rel=\"canonical\" href=\"https:\/\/www.piquifou.com\/en\/ambiances\/\" \/>\n<meta property=\"og:locale\" content=\"en_US\" \/>\n<meta property=\"og:type\" content=\"article\" \/>\n<meta property=\"og:title\" content=\"Ambiances - Atelier Piquifou - C\u00e9ramique d&#039;Art\" \/>\n<meta property=\"og:url\" content=\"https:\/\/www.piquifou.com\/en\/ambiances\/\" \/>\n<meta property=\"og:site_name\" content=\"Atelier Piquifou - C\u00e9ramique d&#039;Art\" \/>\n<meta property=\"article:modified_time\" content=\"2021-01-26T14:11:04+00:00\" \/>\n<meta name=\"twitter:card\" content=\"summary_large_image\" \/>\n<meta name=\"twitter:label1\" content=\"Est. reading time\" \/>\n\t<meta name=\"twitter:data1\" content=\"2 minutes\" \/>\n<script type=\"application\/ld+json\" class=\"yoast-schema-graph\">{\"@context\":\"https:\\\/\\\/schema.org\",\"@graph\":[{\"@type\":\"WebPage\",\"@id\":\"https:\\\/\\\/www.piquifou.com\\\/en\\\/ambiances\\\/\",\"url\":\"https:\\\/\\\/www.piquifou.com\\\/en\\\/ambiances\\\/\",\"name\":\"Ambiances - Atelier Piquifou - C\u00e9ramique d&#039;Art\",\"isPartOf\":{\"@id\":\"https:\\\/\\\/www.piquifou.com\\\/#website\"},\"datePublished\":\"2021-01-21T12:49:10+00:00\",\"dateModified\":\"2021-01-26T14:11:04+00:00\",\"breadcrumb\":{\"@id\":\"https:\\\/\\\/www.piquifou.com\\\/en\\\/ambiances\\\/#breadcrumb\"},\"inLanguage\":\"en-US\",\"potentialAction\":[{\"@type\":\"ReadAction\",\"target\":[\"https:\\\/\\\/www.piquifou.com\\\/en\\\/ambiances\\\/\"]}]},{\"@type\":\"BreadcrumbList\",\"@id\":\"https:\\\/\\\/www.piquifou.com\\\/en\\\/ambiances\\\/#breadcrumb\",\"itemListElement\":[{\"@type\":\"ListItem\",\"position\":1,\"name\":\"Accueil\",\"item\":\"https:\\\/\\\/www.piquifou.com\\\/en\\\/\"},{\"@type\":\"ListItem\",\"position\":2,\"name\":\"Ambiances\"}]},{\"@type\":\"WebSite\",\"@id\":\"https:\\\/\\\/www.piquifou.com\\\/#website\",\"url\":\"https:\\\/\\\/www.piquifou.com\\\/\",\"name\":\"Atelier Piquifou - C\u00e9ramique d&#039;Art\",\"description\":\"Cr\u00e9ations de C\u00e9ramique d&#039;Art - Brigitte et Jean-Marc Millet\",\"potentialAction\":[{\"@type\":\"SearchAction\",\"target\":{\"@type\":\"EntryPoint\",\"urlTemplate\":\"https:\\\/\\\/www.piquifou.com\\\/?s={search_term_string}\"},\"query-input\":{\"@type\":\"PropertyValueSpecification\",\"valueRequired\":true,\"valueName\":\"search_term_string\"}}],\"inLanguage\":\"en-US\"}]}<\/script>\n<!-- \/ Yoast SEO plugin. -->","yoast_head_json":{"title":"Ambiances - Atelier Piquifou - C\u00e9ramique d&#039;Art","robots":{"index":"index","follow":"follow","max-snippet":"max-snippet:-1","max-image-preview":"max-image-preview:large","max-video-preview":"max-video-preview:-1"},"canonical":"https:\/\/www.piquifou.com\/en\/ambiances\/","og_locale":"en_US","og_type":"article","og_title":"Ambiances - Atelier Piquifou - C\u00e9ramique d&#039;Art","og_url":"https:\/\/www.piquifou.com\/en\/ambiances\/","og_site_name":"Atelier Piquifou - C\u00e9ramique d&#039;Art","article_modified_time":"2021-01-26T14:11:04+00:00","twitter_card":"summary_large_image","twitter_misc":{"Est. reading time":"2 minutes"},"schema":{"@context":"https:\/\/schema.org","@graph":[{"@type":"WebPage","@id":"https:\/\/www.piquifou.com\/en\/ambiances\/","url":"https:\/\/www.piquifou.com\/en\/ambiances\/","name":"Ambiances - Atelier Piquifou - C\u00e9ramique d&#039;Art","isPartOf":{"@id":"https:\/\/www.piquifou.com\/#website"},"datePublished":"2021-01-21T12:49:10+00:00","dateModified":"2021-01-26T14:11:04+00:00","breadcrumb":{"@id":"https:\/\/www.piquifou.com\/en\/ambiances\/#breadcrumb"},"inLanguage":"en-US","potentialAction":[{"@type":"ReadAction","target":["https:\/\/www.piquifou.com\/en\/ambiances\/"]}]},{"@type":"BreadcrumbList","@id":"https:\/\/www.piquifou.com\/en\/ambiances\/#breadcrumb","itemListElement":[{"@type":"ListItem","position":1,"name":"Accueil","item":"https:\/\/www.piquifou.com\/en\/"},{"@type":"ListItem","position":2,"name":"Ambiances"}]},{"@type":"WebSite","@id":"https:\/\/www.piquifou.com\/#website","url":"https:\/\/www.piquifou.com\/","name":"Atelier Piquifou - C\u00e9ramique d&#039;Art","description":"Cr\u00e9ations de C\u00e9ramique d&#039;Art - Brigitte et Jean-Marc Millet","potentialAction":[{"@type":"SearchAction","target":{"@type":"EntryPoint","urlTemplate":"https:\/\/www.piquifou.com\/?s={search_term_string}"},"query-input":{"@type":"PropertyValueSpecification","valueRequired":true,"valueName":"search_term_string"}}],"inLanguage":"en-US"}]}},"_links":{"self":[{"href":"https:\/\/www.piquifou.com\/en\/wp-json\/wp\/v2\/pages\/1264","targetHints":{"allow":["GET"]}}],"collection":[{"href":"https:\/\/www.piquifou.com\/en\/wp-json\/wp\/v2\/pages"}],"about":[{"href":"https:\/\/www.piquifou.com\/en\/wp-json\/wp\/v2\/types\/page"}],"author":[{"embeddable":true,"href":"https:\/\/www.piquifou.com\/en\/wp-json\/wp\/v2\/users\/1"}],"replies":[{"embeddable":true,"href":"https:\/\/www.piquifou.com\/en\/wp-json\/wp\/v2\/comments?post=1264"}],"version-history":[{"count":0,"href":"https:\/\/www.piquifou.com\/en\/wp-json\/wp\/v2\/pages\/1264\/revisions"}],"wp:attachment":[{"href":"https:\/\/www.piquifou.com\/en\/wp-json\/wp\/v2\/media?parent=1264"}],"curies":[{"name":"wp","href":"https:\/\/api.w.org\/{rel}","templated":true}]}}