{"id":1271,"date":"2016-05-11T13:48:44","date_gmt":"2016-05-11T13:48:44","guid":{"rendered":"http:\/\/www.piquifou.com\/contact\/"},"modified":"2024-04-03T14:27:22","modified_gmt":"2024-04-03T12:27:22","slug":"contact","status":"publish","type":"page","link":"https:\/\/www.piquifou.com\/en\/contact\/","title":{"rendered":"Contact"},"content":{"rendered":"\n<style type=\"text\/css\" data-created_by=\"avia_inline_auto\" id=\"style-css-av-4trywj-eabba7807a541779eb33db0b4963c3b6\">\n.avia-section.av-4trywj-eabba7807a541779eb33db0b4963c3b6{\nbackground-repeat:no-repeat;\nbackground-image:url(https:\/\/www.piquifou.com\/wp-content\/uploads\/2021\/01\/parallax-contact-01.jpg);\nbackground-position:50% 0%;\nbackground-attachment:scroll;\n}\n.avia-section.av-4trywj-eabba7807a541779eb33db0b4963c3b6 .av-section-color-overlay{\nopacity:0.8;\nbackground-color:#000000;\n}\n<\/style>\n<div id='av_section_1'  class='avia-section av-4trywj-eabba7807a541779eb33db0b4963c3b6 main_color avia-section-default avia-no-border-styling  avia-builder-el-0  avia-builder-el-no-sibling  avia-bg-style-scroll av-section-color-overlay-active container_wrap sidebar_right'  data-section-bg-repeat='no-repeat'><div class=\"av-section-color-overlay-wrap\"><div class=\"av-section-color-overlay\"><\/div><div class='container av-section-cont-open' ><main  role=\"main\" itemprop=\"mainContentOfPage\"  class='template-page content  av-content-small alpha units'><div class='post-entry post-entry-type-page post-entry-1271'><div class='entry-content-wrapper clearfix'>\n\n<style type=\"text\/css\" data-created_by=\"avia_inline_auto\" id=\"style-css-av-2zrwwn-e46183cdbaba44e769b65b3090fa808b\">\n#top .av-special-heading.av-2zrwwn-e46183cdbaba44e769b65b3090fa808b{\npadding-bottom:0;\ncolor:#d7c07d;\nfont-size:60px;\n}\nbody .av-special-heading.av-2zrwwn-e46183cdbaba44e769b65b3090fa808b .av-special-heading-tag .heading-char{\nfont-size:25px;\n}\n#top #wrap_all .av-special-heading.av-2zrwwn-e46183cdbaba44e769b65b3090fa808b .av-special-heading-tag{\nfont-size:60px;\n}\n.av-special-heading.av-2zrwwn-e46183cdbaba44e769b65b3090fa808b .special-heading-inner-border{\nborder-color:#d7c07d;\n}\n.av-special-heading.av-2zrwwn-e46183cdbaba44e769b65b3090fa808b .av-subheading{\nfont-size:18px;\n}\n\n@media only screen and (min-width: 480px) and (max-width: 767px){ \n#top #wrap_all .av-special-heading.av-2zrwwn-e46183cdbaba44e769b65b3090fa808b .av-special-heading-tag{\nfont-size:0.8em;\n}\n}\n\n@media only screen and (max-width: 479px){ \n#top #wrap_all .av-special-heading.av-2zrwwn-e46183cdbaba44e769b65b3090fa808b .av-special-heading-tag{\nfont-size:0.8em;\n}\n}\n<\/style>\n<div  class='av-special-heading av-2zrwwn-e46183cdbaba44e769b65b3090fa808b av-special-heading-h1 custom-color-heading blockquote modern-quote  avia-builder-el-1  el_before_av_hr  avia-builder-el-first  av-inherit-size'><h1 class='av-special-heading-tag '  itemprop=\"headline\"  >Contact&#8230;<\/h1><div class=\"special-heading-border\"><div class=\"special-heading-inner-border\"><\/div><\/div><\/div>\n\n<style type=\"text\/css\" data-created_by=\"avia_inline_auto\" id=\"style-css-av-kk708cxu-b07f8ce48aaf6a0dd01ed116af39e581\">\n#top .hr.hr-invisible.av-kk708cxu-b07f8ce48aaf6a0dd01ed116af39e581{\nheight:15px;\n}\n<\/style>\n<div  class='hr av-kk708cxu-b07f8ce48aaf6a0dd01ed116af39e581 hr-invisible  avia-builder-el-2  el_after_av_heading  el_before_av_two_third '><span class='hr-inner '><span class=\"hr-inner-style\"><\/span><\/span><\/div>\n\n<style type=\"text\/css\" data-created_by=\"avia_inline_auto\" id=\"style-css-av-43hykp-56fd38ebfb7457cb181c13aa8e6e956d\">\n.flex_column.av-43hykp-56fd38ebfb7457cb181c13aa8e6e956d{\nborder-radius:0px 0px 0px 0px;\npadding:0px 0px 0px 0px;\n}\n<\/style>\n<div  class='flex_column av-43hykp-56fd38ebfb7457cb181c13aa8e6e956d av_two_third  avia-builder-el-3  el_after_av_hr  el_before_av_one_third  first flex_column_div av-zero-column-padding  '     ><form action=\"https:\/\/www.piquifou.com\/en\/contact\/\" method=\"post\" data-fields-with-error=\"Found errors in the following field(s):\" class=\"avia_ajax_form av-form-labels-hidden   avia-builder-el-4  avia-builder-el-no-sibling  av-custom-form-color av-light-form \" data-avia-form-id=\"1\" data-avia-redirect='' ><fieldset><p class='  first_form  form_element form_fullwidth' id='element_avia_1_1'><label for=\"avia_1_1\">Name <abbr class=\"required\" title=\"required\">*<\/abbr><\/label> <input name=\"avia_1_1\" class=\"text_input is_empty\" type=\"text\" id=\"avia_1_1\" value=\"\"  placeholder='Name*'\/><\/p><p class='  first_form  form_element form_fullwidth' id='element_avia_2_1'><label for=\"avia_2_1\">Email <abbr class=\"required\" title=\"required\">*<\/abbr><\/label> <input name=\"avia_2_1\" class=\"text_input is_ext_email\" type=\"text\" id=\"avia_2_1\" value=\"\"  placeholder='Email*'\/><\/p><p class='  first_form  form_element form_fullwidth' id='element_avia_3_1'><label for=\"avia_3_1\">Telephone<\/label> <input name=\"avia_3_1\" class=\"text_input \" type=\"text\" id=\"avia_3_1\" value=\"\"  placeholder='Telephone'\/><\/p><p class='  first_form  form_element form_fullwidth' id='element_avia_4_1'><label for=\"avia_4_1\" class=\"textare_label hidden textare_label_avia_4_1\">Message <abbr class=\"required\" title=\"required\">*<\/abbr><\/label><textarea  placeholder='Message*' name=\"avia_4_1\" class=\"text_area is_empty\" cols=\"40\" rows=\"7\" id=\"avia_4_1\" ><\/textarea><\/p><p class='  first_form  form_element form_fullwidth' id='element_avia_5_1'><input  name=\"avia_5_1\" class=\"input_checkbox is_empty\" type=\"checkbox\" id=\"avia_5_1\" value=\"true\"\/><label class=\"input_checkbox_label\" for=\"avia_5_1\">By submitting this form, I agree that the information entered will be used to allow the follow-up resulting from my request. <abbr class=\"required\" title=\"required\">*<\/abbr><\/label><\/p><p class=\"hidden\"><input type=\"text\" name=\"avia_6_1\" class=\"hidden \" id=\"avia_6_1\" value=\"\" \/><\/p><div id='avia_7_1' class='av-recaptcha-area  first_form  form_element form_fullwidth '  data-container_class=\"\" data-custom_class=\"\" data-context=\"av_contact_form\" data-token_input=\"av_recaptcha_token\" data-version=\"avia_recaptcha_v3\" data-theme=\"light\" data-size=\"normal\" data-score=\"0.5\" data-text_to_preview=\"\" data-value=\"\"><div class=\"av-google-badge-message hidden\">This site is protected by reCAPTCHA and the Google <a href=\"https:\/\/policies.google.com\/privacy\">Privacy Policy<\/a> and <a href=\"https:\/\/policies.google.com\/terms\">Terms of Service<\/a> apply.<\/div><\/div><p class=\"form_element \"><input type=\"hidden\" value=\"1\" name=\"avia_generated_form1\" \/><input type=\"submit\" value=\"Send\" class=\"button\"  data-sending-label=\"Sending\"\/><\/p><\/fieldset><div class=\"avia-disabled-form\">This contact form is deactivated because you refused to accept Google reCaptcha service which is necessary to validate any messages sent by the form.<\/div><\/form><div id=\"ajaxresponse_1\" class=\"ajaxresponse ajaxresponse_1 hidden\"><\/div><\/div>\n<style type=\"text\/css\" data-created_by=\"avia_inline_auto\" id=\"style-css-av-3ra1dt-dbf96d6159a16fc17f8b62bf234b621d\">\n.flex_column.av-3ra1dt-dbf96d6159a16fc17f8b62bf234b621d{\nborder-radius:0px 0px 0px 0px;\npadding:0px 0px 0px 0px;\n}\n<\/style>\n<div  class='flex_column av-3ra1dt-dbf96d6159a16fc17f8b62bf234b621d av_one_third  avia-builder-el-5  el_after_av_two_third  avia-builder-el-last  flex_column_div av-zero-column-padding  '     ><section  class='av_textblock_section av-3mvmg9-c2cd7c4fbc3cd498e21b058a8c662b1c '   itemscope=\"itemscope\" itemtype=\"https:\/\/schema.org\/CreativeWork\" ><div class='avia_textblock'  itemprop=\"text\" ><h2 style=\"text-align: center;\">ATELIER PIQUIFOU<\/h2>\n<p style=\"text-align: center;\"><span style=\"color: #d7c07d;\">Ceramic Art<\/span><\/p>\n<\/div><\/section><br \/>\n\n<style type=\"text\/css\" data-created_by=\"avia_inline_auto\" id=\"style-css-av-kk870gkx-2c48fec697d514d5b1a7dc1e60517cc4\">\n.avia-image-container.av-kk870gkx-2c48fec697d514d5b1a7dc1e60517cc4 img.avia_image{\nbox-shadow:none;\n}\n.avia-image-container.av-kk870gkx-2c48fec697d514d5b1a7dc1e60517cc4 .av-image-caption-overlay-center{\ncolor:#ffffff;\n}\n<\/style>\n<div  class='avia-image-container av-kk870gkx-2c48fec697d514d5b1a7dc1e60517cc4 av-styling- avia-align-center  avia-builder-el-7  el_after_av_textblock  el_before_av_textblock '   itemprop=\"image\" itemscope=\"itemscope\" itemtype=\"https:\/\/schema.org\/ImageObject\" ><div class=\"avia-image-container-inner\"><div class=\"avia-image-overlay-wrap\"><img decoding=\"async\" fetchpriority=\"high\" class='wp-image-1303 avia-img-lazy-loading-not-1303 avia_image ' src=\"https:\/\/www.piquifou.com\/wp-content\/uploads\/2021\/01\/sidebar.png\" alt='Demi Lune' title='sidebar'  height=\"215\" width=\"240\"  itemprop=\"thumbnailUrl\"  \/><\/div><\/div><\/div><br \/>\n\n<style type=\"text\/css\" data-created_by=\"avia_inline_auto\" id=\"style-css-av-kk700sft-e6a0756e577d8c279551e9b3e97bf1d3\">\n#top .av_textblock_section.av-kk700sft-e6a0756e577d8c279551e9b3e97bf1d3 .avia_textblock{\nfont-size:17px;\n}\n<\/style>\n<section  class='av_textblock_section av-kk700sft-e6a0756e577d8c279551e9b3e97bf1d3 '   itemscope=\"itemscope\" itemtype=\"https:\/\/schema.org\/CreativeWork\" ><div class='avia_textblock'  itemprop=\"text\" ><p style=\"text-align: center;\">Sale in art galleries only.<br \/>\nDo not hesitate to contact us to obtain the address of the gallery nearest you.<\/p>\n<\/div><\/section><br \/>\n\n<style type=\"text\/css\" data-created_by=\"avia_inline_auto\" id=\"style-css-av-kk7026rq-c1da866fe63db08aab27d6c17586f138\">\n#top .hr.av-kk7026rq-c1da866fe63db08aab27d6c17586f138{\nmargin-top:0;\nmargin-bottom:0;\n}\n.hr.av-kk7026rq-c1da866fe63db08aab27d6c17586f138 .hr-inner{\nwidth:100%;\nborder-color:#d7c07d;\n}\n<\/style>\n<div  class='hr av-kk7026rq-c1da866fe63db08aab27d6c17586f138 hr-custom  avia-builder-el-9  el_after_av_textblock  el_before_av_textblock  hr-center hr-icon-no'><span class='hr-inner inner-border-av-border-thin'><span class=\"hr-inner-style\"><\/span><\/span><\/div><br \/>\n<section  class='av_textblock_section av-3mvmg9-3-afd2f736011d891ef1d8a04c20041333 '   itemscope=\"itemscope\" itemtype=\"https:\/\/schema.org\/CreativeWork\" ><div class='avia_textblock'  itemprop=\"text\" ><h3 style=\"text-align: center;\"><strong>Brigitte and Jean-Marc MILLET<\/strong><\/h3>\n<p style=\"text-align: center;\">Tel.: +33. (0)608 706 037<br \/>\n<a href=\"mailto:atelierpiquifou@live.fr\">atelierpiquifou@live.fr<\/a><\/p>\n<\/div><\/section><br \/>\n\n<style type=\"text\/css\" data-created_by=\"avia_inline_auto\" id=\"style-css-av-kk7026rq-2-613296d3fd5b741a3ce2e5cefba73384\">\n#top .hr.hr-invisible.av-kk7026rq-2-613296d3fd5b741a3ce2e5cefba73384{\nheight:5px;\n}\n<\/style>\n<div  class='hr av-kk7026rq-2-613296d3fd5b741a3ce2e5cefba73384 hr-invisible  avia-builder-el-11  el_after_av_textblock  el_before_av_textblock '><span class='hr-inner '><span class=\"hr-inner-style\"><\/span><\/span><\/div><br \/>\n<section  class='av_textblock_section av-3mvmg9-1-703f1320d710a0fa6fdd83a88fd5a4e0 '   itemscope=\"itemscope\" itemtype=\"https:\/\/schema.org\/CreativeWork\" ><div class='avia_textblock'  itemprop=\"text\" ><p style=\"text-align: center;\"><a href=\"https:\/\/www.instagram.com\/atelierpiquifou\/\" target=\"_blank\" rel=\"noopener\"><img loading=\"lazy\" decoding=\"async\" class=\"alignnone size-full wp-image-1001\" src=\"https:\/\/www.piquifou.com\/wp-content\/uploads\/2021\/01\/logo-instagram-jaune.png\" alt=\"\" width=\"50\" height=\"50\" srcset=\"https:\/\/www.piquifou.com\/wp-content\/uploads\/2021\/01\/logo-instagram-jaune.png 50w, https:\/\/www.piquifou.com\/wp-content\/uploads\/2021\/01\/logo-instagram-jaune-36x36.png 36w\" sizes=\"auto, (max-width: 50px) 100vw, 50px\" \/><\/a> <a href=\"https:\/\/www.linkedin.com\/in\/brigitte-millet-gallet-9b908a55\/\" target=\"_blank\" rel=\"noopener\"><img loading=\"lazy\" decoding=\"async\" class=\"alignnone size-full wp-image-999\" src=\"https:\/\/www.piquifou.com\/wp-content\/uploads\/2021\/01\/logo-linkedin-jaune.png\" alt=\"\" width=\"50\" height=\"51\" srcset=\"https:\/\/www.piquifou.com\/wp-content\/uploads\/2021\/01\/logo-linkedin-jaune.png 50w, https:\/\/www.piquifou.com\/wp-content\/uploads\/2021\/01\/logo-linkedin-jaune-36x36.png 36w\" sizes=\"auto, (max-width: 50px) 100vw, 50px\" \/><\/a><\/p>\n<\/div><\/section><\/p><\/div><\/div><\/div><\/main><!-- close content main element --><\/div><\/div><\/div><div id='after_section_1'  class='main_color av_default_container_wrap container_wrap sidebar_right'  ><div class='container av-section-cont-open' ><div class='template-page content  av-content-small alpha units'><div class='post-entry post-entry-type-page post-entry-1271'><div class='entry-content-wrapper clearfix'>\n","protected":false},"excerpt":{"rendered":"","protected":false},"author":1,"featured_media":0,"parent":0,"menu_order":0,"comment_status":"closed","ping_status":"closed","template":"","meta":{"footnotes":""},"class_list":["post-1271","page","type-page","status-publish","hentry"],"yoast_head":"<!-- This site is optimized with the Yoast SEO plugin v27.4 - https:\/\/yoast.com\/product\/yoast-seo-wordpress\/ -->\n<title>Contact - Atelier Piquifou - C\u00e9ramique d&#039;Art<\/title>\n<meta name=\"robots\" content=\"index, follow, max-snippet:-1, max-image-preview:large, max-video-preview:-1\" \/>\n<link rel=\"canonical\" href=\"https:\/\/www.piquifou.com\/en\/contact\/\" \/>\n<meta property=\"og:locale\" content=\"en_US\" \/>\n<meta property=\"og:type\" content=\"article\" \/>\n<meta property=\"og:title\" content=\"Contact - Atelier Piquifou - C\u00e9ramique d&#039;Art\" \/>\n<meta property=\"og:url\" content=\"https:\/\/www.piquifou.com\/en\/contact\/\" \/>\n<meta property=\"og:site_name\" content=\"Atelier Piquifou - C\u00e9ramique d&#039;Art\" \/>\n<meta property=\"article:modified_time\" content=\"2024-04-03T12:27:22+00:00\" \/>\n<meta property=\"og:image\" content=\"https:\/\/www.piquifou.com\/wp-content\/uploads\/2021\/01\/logo-instagram-jaune.png\" \/>\n<meta name=\"twitter:card\" content=\"summary_large_image\" \/>\n<meta name=\"twitter:label1\" content=\"Est. reading time\" \/>\n\t<meta name=\"twitter:data1\" content=\"2 minutes\" \/>\n<script type=\"application\/ld+json\" class=\"yoast-schema-graph\">{\"@context\":\"https:\\\/\\\/schema.org\",\"@graph\":[{\"@type\":\"WebPage\",\"@id\":\"https:\\\/\\\/www.piquifou.com\\\/en\\\/contact\\\/\",\"url\":\"https:\\\/\\\/www.piquifou.com\\\/en\\\/contact\\\/\",\"name\":\"Contact - Atelier Piquifou - C\u00e9ramique d&#039;Art\",\"isPartOf\":{\"@id\":\"https:\\\/\\\/www.piquifou.com\\\/#website\"},\"primaryImageOfPage\":{\"@id\":\"https:\\\/\\\/www.piquifou.com\\\/en\\\/contact\\\/#primaryimage\"},\"image\":{\"@id\":\"https:\\\/\\\/www.piquifou.com\\\/en\\\/contact\\\/#primaryimage\"},\"thumbnailUrl\":\"https:\\\/\\\/www.piquifou.com\\\/wp-content\\\/uploads\\\/2021\\\/01\\\/logo-instagram-jaune.png\",\"datePublished\":\"2016-05-11T13:48:44+00:00\",\"dateModified\":\"2024-04-03T12:27:22+00:00\",\"breadcrumb\":{\"@id\":\"https:\\\/\\\/www.piquifou.com\\\/en\\\/contact\\\/#breadcrumb\"},\"inLanguage\":\"en-US\",\"potentialAction\":[{\"@type\":\"ReadAction\",\"target\":[\"https:\\\/\\\/www.piquifou.com\\\/en\\\/contact\\\/\"]}]},{\"@type\":\"ImageObject\",\"inLanguage\":\"en-US\",\"@id\":\"https:\\\/\\\/www.piquifou.com\\\/en\\\/contact\\\/#primaryimage\",\"url\":\"https:\\\/\\\/www.piquifou.com\\\/wp-content\\\/uploads\\\/2021\\\/01\\\/logo-instagram-jaune.png\",\"contentUrl\":\"https:\\\/\\\/www.piquifou.com\\\/wp-content\\\/uploads\\\/2021\\\/01\\\/logo-instagram-jaune.png\"},{\"@type\":\"BreadcrumbList\",\"@id\":\"https:\\\/\\\/www.piquifou.com\\\/en\\\/contact\\\/#breadcrumb\",\"itemListElement\":[{\"@type\":\"ListItem\",\"position\":1,\"name\":\"Accueil\",\"item\":\"https:\\\/\\\/www.piquifou.com\\\/en\\\/\"},{\"@type\":\"ListItem\",\"position\":2,\"name\":\"Contact\"}]},{\"@type\":\"WebSite\",\"@id\":\"https:\\\/\\\/www.piquifou.com\\\/#website\",\"url\":\"https:\\\/\\\/www.piquifou.com\\\/\",\"name\":\"Atelier Piquifou - C\u00e9ramique d&#039;Art\",\"description\":\"Cr\u00e9ations de C\u00e9ramique d&#039;Art - Brigitte et Jean-Marc Millet\",\"potentialAction\":[{\"@type\":\"SearchAction\",\"target\":{\"@type\":\"EntryPoint\",\"urlTemplate\":\"https:\\\/\\\/www.piquifou.com\\\/?s={search_term_string}\"},\"query-input\":{\"@type\":\"PropertyValueSpecification\",\"valueRequired\":true,\"valueName\":\"search_term_string\"}}],\"inLanguage\":\"en-US\"}]}<\/script>\n<!-- \/ Yoast SEO plugin. -->","yoast_head_json":{"title":"Contact - Atelier Piquifou - C\u00e9ramique d&#039;Art","robots":{"index":"index","follow":"follow","max-snippet":"max-snippet:-1","max-image-preview":"max-image-preview:large","max-video-preview":"max-video-preview:-1"},"canonical":"https:\/\/www.piquifou.com\/en\/contact\/","og_locale":"en_US","og_type":"article","og_title":"Contact - Atelier Piquifou - C\u00e9ramique d&#039;Art","og_url":"https:\/\/www.piquifou.com\/en\/contact\/","og_site_name":"Atelier Piquifou - C\u00e9ramique d&#039;Art","article_modified_time":"2024-04-03T12:27:22+00:00","og_image":[{"url":"https:\/\/www.piquifou.com\/wp-content\/uploads\/2021\/01\/logo-instagram-jaune.png","type":"","width":"","height":""}],"twitter_card":"summary_large_image","twitter_misc":{"Est. reading time":"2 minutes"},"schema":{"@context":"https:\/\/schema.org","@graph":[{"@type":"WebPage","@id":"https:\/\/www.piquifou.com\/en\/contact\/","url":"https:\/\/www.piquifou.com\/en\/contact\/","name":"Contact - Atelier Piquifou - C\u00e9ramique d&#039;Art","isPartOf":{"@id":"https:\/\/www.piquifou.com\/#website"},"primaryImageOfPage":{"@id":"https:\/\/www.piquifou.com\/en\/contact\/#primaryimage"},"image":{"@id":"https:\/\/www.piquifou.com\/en\/contact\/#primaryimage"},"thumbnailUrl":"https:\/\/www.piquifou.com\/wp-content\/uploads\/2021\/01\/logo-instagram-jaune.png","datePublished":"2016-05-11T13:48:44+00:00","dateModified":"2024-04-03T12:27:22+00:00","breadcrumb":{"@id":"https:\/\/www.piquifou.com\/en\/contact\/#breadcrumb"},"inLanguage":"en-US","potentialAction":[{"@type":"ReadAction","target":["https:\/\/www.piquifou.com\/en\/contact\/"]}]},{"@type":"ImageObject","inLanguage":"en-US","@id":"https:\/\/www.piquifou.com\/en\/contact\/#primaryimage","url":"https:\/\/www.piquifou.com\/wp-content\/uploads\/2021\/01\/logo-instagram-jaune.png","contentUrl":"https:\/\/www.piquifou.com\/wp-content\/uploads\/2021\/01\/logo-instagram-jaune.png"},{"@type":"BreadcrumbList","@id":"https:\/\/www.piquifou.com\/en\/contact\/#breadcrumb","itemListElement":[{"@type":"ListItem","position":1,"name":"Accueil","item":"https:\/\/www.piquifou.com\/en\/"},{"@type":"ListItem","position":2,"name":"Contact"}]},{"@type":"WebSite","@id":"https:\/\/www.piquifou.com\/#website","url":"https:\/\/www.piquifou.com\/","name":"Atelier Piquifou - C\u00e9ramique d&#039;Art","description":"Cr\u00e9ations de C\u00e9ramique d&#039;Art - Brigitte et Jean-Marc Millet","potentialAction":[{"@type":"SearchAction","target":{"@type":"EntryPoint","urlTemplate":"https:\/\/www.piquifou.com\/?s={search_term_string}"},"query-input":{"@type":"PropertyValueSpecification","valueRequired":true,"valueName":"search_term_string"}}],"inLanguage":"en-US"}]}},"_links":{"self":[{"href":"https:\/\/www.piquifou.com\/en\/wp-json\/wp\/v2\/pages\/1271","targetHints":{"allow":["GET"]}}],"collection":[{"href":"https:\/\/www.piquifou.com\/en\/wp-json\/wp\/v2\/pages"}],"about":[{"href":"https:\/\/www.piquifou.com\/en\/wp-json\/wp\/v2\/types\/page"}],"author":[{"embeddable":true,"href":"https:\/\/www.piquifou.com\/en\/wp-json\/wp\/v2\/users\/1"}],"replies":[{"embeddable":true,"href":"https:\/\/www.piquifou.com\/en\/wp-json\/wp\/v2\/comments?post=1271"}],"version-history":[{"count":0,"href":"https:\/\/www.piquifou.com\/en\/wp-json\/wp\/v2\/pages\/1271\/revisions"}],"wp:attachment":[{"href":"https:\/\/www.piquifou.com\/en\/wp-json\/wp\/v2\/media?parent=1271"}],"curies":[{"name":"wp","href":"https:\/\/api.w.org\/{rel}","templated":true}]}}